{"id":5635,"date":"2021-11-26T20:43:28","date_gmt":"2021-11-26T20:43:28","guid":{"rendered":"https:\/\/gebraucht-auto-ankauf.de\/?page_id=5635"},"modified":"2021-11-26T20:54:44","modified_gmt":"2021-11-26T20:54:44","slug":"autoankauf-monheim-am-rhein","status":"publish","type":"page","link":"https:\/\/gebraucht-auto-ankauf.de\/index.php\/autoankauf-monheim-am-rhein\/","title":{"rendered":"Autoankauf Monheim am Rhein"},"content":{"rendered":"<div style=\"text-align: center;\" align=\"center\">Effektiv und schnell das eigene PKW oder LKW in Monheim am Rhein verkaufen<\/div>\n<div align=\"center\"><b><img decoding=\"async\" loading=\"lazy\" class=\"alignnone size-medium wp-image-5636\" src=\"http:\/\/gebraucht-auto-ankauf.de\/wp-content\/uploads\/2021\/11\/dd80d79d-1987-4ab4-a9cf-2682d1f6d5d0-300x106.jpg\" alt=\"\" width=\"300\" height=\"106\" srcset=\"https:\/\/gebraucht-auto-ankauf.de\/wp-content\/uploads\/2021\/11\/dd80d79d-1987-4ab4-a9cf-2682d1f6d5d0-300x106.jpg 300w, https:\/\/gebraucht-auto-ankauf.de\/wp-content\/uploads\/2021\/11\/dd80d79d-1987-4ab4-a9cf-2682d1f6d5d0-768x272.jpg 768w, https:\/\/gebraucht-auto-ankauf.de\/wp-content\/uploads\/2021\/11\/dd80d79d-1987-4ab4-a9cf-2682d1f6d5d0-600x212.jpg 600w, https:\/\/gebraucht-auto-ankauf.de\/wp-content\/uploads\/2021\/11\/dd80d79d-1987-4ab4-a9cf-2682d1f6d5d0.jpg 1024w\" sizes=\"(max-width: 300px) 100vw, 300px\" \/><\/b><\/div>\n<div><span style=\"vertical-align: inherit;\"><span style=\"vertical-align: inherit;\">Gebrauchtwagen Ankauf Monheim am Rhein\u00a0ist die richtige Adresse, wenn Sie Ihr PKW, LKW oder Baumaschine stressfrei, schnell und fair online verkaufen wollen! Wir kaufen Fahrzeuge und LKWs aller Marken und Modelle zu den besten und aktuellsten Preise. Rufen Sie uns einfach unter der Rufnummer-0157 360 46 703- an und geben Sie uns einfach die Hauptdaten Ihres Fahrzeuges an unsere Mitarbeiter um einen guten und fairen Preis zu ermitteln. \u00a0Sie k\u00f6nnen auch unser Online Formular ausf\u00fcllen und an unsere Mitarbeiter zu schicken. Wir vereinbaren auch kostenlose Besichtigungstermine Vorort mit unseren Kunden um eine Gesch\u00e4ftsabwicklung schnell und transparent zu erm\u00f6glichen.\u00a0KFZ- Ankauf Monheim am Rhein\u00a0interessiert sich auch f\u00fcr Autos mit unterschiedlichen M\u00e4ngeln und Fahrzeugen mit Motor oder -Getriebesch\u00e4den. Wir bieten unseren Kunden viele faire M\u00f6glichkeiten um Ihre PKW, LKW und Baumaschinen problemlos zu verkaufen.<\/span><\/span><\/div>\n<div><\/div>\n<div><span style=\"vertical-align: inherit;\"><span style=\"vertical-align: inherit;\">Mit\u00a0gebraucht-auto-ankauf.de\u00a0verkaufen Sie sicher Ihr KFZ zum Bestpreis<\/span><\/span><\/div>\n<div><span style=\"vertical-align: inherit;\"><span style=\"vertical-align: inherit;\">\u00a0<\/span><\/span><\/div>\n<div><span style=\"vertical-align: inherit;\"><span style=\"vertical-align: inherit;\">Macht Ihnen das Auto viel Sorgen und wollen Sie es verkaufen bevor es noch zu sp\u00e4t ist? Haben Sie neues PKW oder LKW schon bestellt und wollen das alte schnell und professionell loswerden? Dann sind Sie hier bei Gebraucht Auto\u00a0Ankauf in Monheim am Rhein\u00a0richtig. Wir holen Ihr Fahrzeug oder LKW-Vorort ab, \u00a0auch wenn das Fahrzeug nicht fahrbereit ist und entlasten Sie somit von allen beh\u00f6rdlichen Formalit\u00e4ten,\u00a0 wenn erw\u00fcnscht ist. Bieten Sie uns ihr KFZ oder Nutzfahrzeug an und lassen Sie sich von unserer Zuverl\u00e4ssigkeit und Fairness \u00fcberzeugen denn wir kaufen alle Fahrzeuge in jeden guten oder schlechten Zustand ab.<\/span><\/span><\/div>\n<div><\/div>\n<div><span style=\"vertical-align: inherit;\"><span style=\"vertical-align: inherit;\">Unfallauto Ankauf in Monheim am Rhein zuverl\u00e4ssig und kundenorientiert<\/span><\/span><\/div>\n<div><\/div>\n<div><span style=\"vertical-align: inherit;\"><span style=\"vertical-align: inherit;\">Verkaufen Sie noch heute Ihren\u00a0Unfallwagen in Monheim am Rhein\u00a0und Umgebung ohne Schwierigkeiten, denn wir beraten Sie gerne und helfen Ihnen die beste Entscheidung um ein optimales Ergebnis zu erzielen. Rufen Sie uns direkt an unter der Rufnummer -0157 360 46 703- an und holen Sie die besten Tipps, wenn Sie einen oder mehrere Kraftfahrzeuge mit einem Unfall oder anderen technischen Sch\u00e4den verkaufen wollen. F\u00fcr\u00a0PKW und LKW-Ankauf Monheim\u00a0in spielt es keine gro\u00dfe Rolle ob es sich hierbei um einen Frontschaden, Seitenschaden oder Heckschaden handelt, denn wir kaufen alle Unfallfahrzeuge und holen die mit unserem Abschleppdienst kostenlos ab. Weiterhin betreiben wir einen Autoexport und k\u00f6nnen auch die nicht gefragten PKWs und LKWs aller Marken und Modelle vermarkten. Wir zahlen dennoch sehr gute Preise.<\/span><\/span><\/div>\n<div><\/div>\n<div><span style=\"vertical-align: inherit;\"><span style=\"vertical-align: inherit;\">\u00a0<\/span><\/span><\/div>\n<div><span style=\"vertical-align: inherit;\"><span style=\"vertical-align: inherit;\">Umfangreiche Vorteile bei PKW-Ankauf Monheim am Rhein sichern<\/span><\/span><\/div>\n<div><span style=\"vertical-align: inherit;\"><span style=\"vertical-align: inherit;\">\u00a0Kostenlose Abmeldung und unverbindliche Beratung<\/span><\/span><\/div>\n<div><span style=\"vertical-align: inherit;\"><span style=\"vertical-align: inherit;\">\u00a0<\/span><\/span><\/div>\n<div><span style=\"vertical-align: inherit;\"><span style=\"vertical-align: inherit;\">\u2981 Kostenfreie Abholung deutschlandweit<\/span><\/span><\/div>\n<div><span style=\"vertical-align: inherit;\"><span style=\"vertical-align: inherit;\">\u00a0<\/span><\/span><\/div>\n<div><span style=\"vertical-align: inherit;\"><span style=\"vertical-align: inherit;\">\u2981 PKW und LKW- Ankauf aller Marken und Modelle<\/span><\/span><\/div>\n<div><span style=\"vertical-align: inherit;\"><span style=\"vertical-align: inherit;\">\u00a0<\/span><\/span><\/div>\n<div><span style=\"vertical-align: inherit;\"><span style=\"vertical-align: inherit;\">\u2981 Kundenorientierte Gesch\u00e4ftsabwicklung<\/span><\/span><\/div>\n<div><span style=\"vertical-align: inherit;\"><span style=\"vertical-align: inherit;\">\u00a0<\/span><\/span><\/div>\n<div><span style=\"vertical-align: inherit;\"><span style=\"vertical-align: inherit;\">\u2981 Vorortsbesichtigung und absolute Erreichbarkeit<\/span><\/span><\/div>\n<div><span style=\"vertical-align: inherit;\"><span style=\"vertical-align: inherit;\">\u00a0<\/span><\/span><\/div>\n<div><span style=\"vertical-align: inherit;\"><span style=\"vertical-align: inherit;\">\u2981 PKW und LKW- Ankauf auch ohne T\u00dcV\u00a0\u00a0<\/span><\/span><\/div>\n<div><span style=\"vertical-align: inherit;\"><span style=\"vertical-align: inherit;\">\u00a0<\/span><\/span><\/div>\n<div><span style=\"vertical-align: inherit;\"><span style=\"vertical-align: inherit;\">\u00a0<\/span><\/span><\/div>\n<div><span style=\"vertical-align: inherit;\"><span style=\"vertical-align: inherit;\">Warum viele sich f\u00fcr KFZ-Ankauf Monheim am Rhein entscheiden?<\/span><\/span><\/div>\n<div><span style=\"vertical-align: inherit;\"><span style=\"vertical-align: inherit;\">\u00a0<\/span><\/span><\/div>\n<div><span style=\"vertical-align: inherit;\"><span style=\"vertical-align: inherit;\">\u00a0<\/span><\/span><\/div>\n<div><span style=\"vertical-align: inherit;\"><span style=\"vertical-align: inherit;\">Weil wir die besten und einfachsten\u00a0KFZ- Ankauf in Monheim am Rhein\u00a0Konditionen anbieten. Nat\u00fcrlich auch weil wir die besten Preise zahlen. Au\u00dferdem kaufen wir ausnahmslos alle PKWs , LKWS und Baumaschinen sicher und k\u00f6nnen alle unseren Kunden auch bei Fahrzeugen die f\u00fcr Entsorgung oder Verschrottung gedacht sind, helfen. Unsere Mitarbeiter stehen rund um die Uhr f\u00fcr alle Kunden zur Verf\u00fcgung und beraten Sie gerne. Holen Sie sich per Kurzanruf -0157 360 46 703-alle Informationen die Sie brauchen f\u00fcr eine erfolgreiche Gesch\u00e4ftsabwicklung. Die Zufriedenheit unserer Kunden ist f\u00fcr uns die beste Werbung!<\/span><\/span><\/div>\n<div><span style=\"vertical-align: inherit;\"><span style=\"vertical-align: inherit;\">\u00a0<\/span><\/span><\/div>\n<div><span style=\"vertical-align: inherit;\"><span style=\"vertical-align: inherit;\">\u00a0<\/span><\/span><\/div>\n<div><span style=\"vertical-align: inherit;\"><span style=\"vertical-align: inherit;\">\u00a0<\/span><\/span><\/div>\n","protected":false},"excerpt":{"rendered":"<p>Effektiv und schnell das eigene PKW oder LKW in Monheim am Rhein verkaufen Gebrauchtwagen Ankauf Monheim am Rhein\u00a0ist die richtige Adresse, wenn Sie Ihr PKW, LKW oder Baumaschine stressfrei, schnell und fair online verkaufen wollen! Wir kaufen Fahrzeuge und LKWs aller Marken und Modelle zu den besten<\/p>\n","protected":false},"author":1,"featured_media":0,"parent":0,"menu_order":0,"comment_status":"closed","ping_status":"closed","template":"page-FullWidth.php","meta":{"om_disable_all_campaigns":false,"_monsterinsights_skip_tracking":false,"_monsterinsights_sitenote_active":false,"_monsterinsights_sitenote_note":"","_monsterinsights_sitenote_category":0,"spay_email":""},"_links":{"self":[{"href":"https:\/\/gebraucht-auto-ankauf.de\/index.php\/wp-json\/wp\/v2\/pages\/5635"}],"collection":[{"href":"https:\/\/gebraucht-auto-ankauf.de\/index.php\/wp-json\/wp\/v2\/pages"}],"about":[{"href":"https:\/\/gebraucht-auto-ankauf.de\/index.php\/wp-json\/wp\/v2\/types\/page"}],"author":[{"embeddable":true,"href":"https:\/\/gebraucht-auto-ankauf.de\/index.php\/wp-json\/wp\/v2\/users\/1"}],"replies":[{"embeddable":true,"href":"https:\/\/gebraucht-auto-ankauf.de\/index.php\/wp-json\/wp\/v2\/comments?post=5635"}],"version-history":[{"count":4,"href":"https:\/\/gebraucht-auto-ankauf.de\/index.php\/wp-json\/wp\/v2\/pages\/5635\/revisions"}],"predecessor-version":[{"id":5646,"href":"https:\/\/gebraucht-auto-ankauf.de\/index.php\/wp-json\/wp\/v2\/pages\/5635\/revisions\/5646"}],"wp:attachment":[{"href":"https:\/\/gebraucht-auto-ankauf.de\/index.php\/wp-json\/wp\/v2\/media?parent=5635"}],"curies":[{"name":"wp","href":"https:\/\/api.w.org\/{rel}","templated":true}]}}