{"id":5631,"date":"2021-11-26T20:42:05","date_gmt":"2021-11-26T20:42:05","guid":{"rendered":"https:\/\/gebraucht-auto-ankauf.de\/?page_id=5631"},"modified":"2021-11-26T20:45:13","modified_gmt":"2021-11-26T20:45:13","slug":"autoankauf-hilden","status":"publish","type":"page","link":"https:\/\/gebraucht-auto-ankauf.de\/index.php\/autoankauf-hilden\/","title":{"rendered":"Autoankauf Hilden"},"content":{"rendered":"<div align=\"center\"><b>Gebrauchtwagen Ankauf Hilden verspricht Zuverl\u00e4ssigkeit und beste Preise<\/b><\/div>\n<div><img decoding=\"async\" loading=\"lazy\" class=\"size-medium wp-image-5632 aligncenter\" src=\"http:\/\/gebraucht-auto-ankauf.de\/wp-content\/uploads\/2021\/11\/7e698d6f-f7ff-45ee-9ae6-45866bb2d424-300x142.jpg\" alt=\"\" width=\"300\" height=\"142\" srcset=\"https:\/\/gebraucht-auto-ankauf.de\/wp-content\/uploads\/2021\/11\/7e698d6f-f7ff-45ee-9ae6-45866bb2d424-300x142.jpg 300w, https:\/\/gebraucht-auto-ankauf.de\/wp-content\/uploads\/2021\/11\/7e698d6f-f7ff-45ee-9ae6-45866bb2d424-768x362.jpg 768w, https:\/\/gebraucht-auto-ankauf.de\/wp-content\/uploads\/2021\/11\/7e698d6f-f7ff-45ee-9ae6-45866bb2d424-600x283.jpg 600w, https:\/\/gebraucht-auto-ankauf.de\/wp-content\/uploads\/2021\/11\/7e698d6f-f7ff-45ee-9ae6-45866bb2d424.jpg 1024w\" sizes=\"(max-width: 300px) 100vw, 300px\" \/><\/div>\n<div>Mit\u00a0<b>www.gebraucht-autos-ankauf\u00a0<\/b>verkaufen Sie heute noch Ihr privates Fahrzeug oder Ihren Firmenwagen schnell, risikolos und zuverl\u00e4ssig zu den besten und aktuellsten Marktpreisen.\u00a0<b>Gebrauchtwagen Ankauf Hilden<\/b>\u00a0ist rund um die Uhr f\u00fcr Sie erreichbar. Rufen Sie uns unter der Rufnummer &#8211;<b>0157 360 46 703<\/b>&#8211; und wir beantworten alle Ihre Fragen bez\u00fcglich den Verkauf Ihres PKWs oder LKWs. Der Verlauf ist ganz einfach. Wir brauchen von unseren Kunden lediglich die Hauptdaten und eine ganz kurze Beschreibung von ihrem Zustand des Fahrzeuges um einen fairen Preis schnell zu ermitteln. \u00a0Unser Online Formular steht auch f\u00fcr unsere Kunden zum Ausf\u00fcllen zur Verf\u00fcgung. F\u00fcllen Sie doch einmal kurz die wichtigsten Fahrzeugs Daten aus und schicken Sie diese an uns zur\u00fcck. In wenigen Minuten werden unsere Mitarbeiter mit Ihnen Kontakt aufnehmen, \u00a0um eine faire und erfolgreiche Gesch\u00e4ftsabwicklung zu erm\u00f6glichen. \u00a0<b>KFZ-Ankauf Hilden<\/b>\u00a0ist auch f\u00fcr eine kostenlose Ortsbesichtigung bereit und kauft Fahrzeuge mit oder ohne T\u00dcV, Nutzfahrzeuge ohne g\u00fcltige Umweltplakette und PKWs oder LKWs die nicht mehr verkehrssicher sind. Nat\u00fcrlich holen wir beim Ankauf auch Autos ab, \u00a0die au\u00dferhalb Hildens sind. Wir setzen uns ein f\u00fcr das ein, da wir uns im\u00a0<b>Gebrauchtwagen Ankauf in Hilden<\/b>\u00a0wirklich einen Namen gemacht haben, n\u00e4mlich das Vertrauen und die Zufriedenheit unserer Kunden.<\/div>\n<div><\/div>\n<div><b>Motorschaden Ankauf Hilden kauft alle PKWs und LKWs mit M\u00e4ngeln<\/b><\/div>\n<div><b>\u00a0<\/b><\/div>\n<div>Haben Sie ein Fahrzeug mit Motor -oder Getriebeschaden, dass Sie gern nicht mehr reparieren wollen und keine Zeit und Geld mehr investieren wollen ? Dann sind Sie bei\u00a0<b>Gebrauchtwagen Ankauf<\/b>\u00a0Hilden richtig! Lassen Sie sich gut beraten und rufen Sie uns direkt-unter der Rufnummer-<b>0157 360 46 703<\/b>-an. Unsere Mitarbeiter werden Sie mit allen Informationen die Sie f\u00fcr den Verkauf Ihres Fahrzeuges oder Lkws brauchen versorgen. Dennoch gibt es oft Fahrzeuge mit elektrischen Problemen und sind f\u00fcr eine m\u00f6gliche Reparatur mit hohen Kosten verbunden. Hier auch finden wir gemeinsam eine faire und effektive L\u00f6sung. Das Risiko f\u00fcr h\u00f6here Reparaturkosten ist einfach nicht schnell erkennbar und wird oft untergesch\u00e4tzt. Bieten Sie uns einfach alle Fahrzeuge den M\u00e4ngeln aufweisen und lassen Sie ich f\u00fcr eine zufriedenstellende L\u00f6sung \u00fcberraschen.<\/div>\n<div><\/div>\n<div><b>Unfallauto Ankauf Hilden mit schneller Abwicklung &amp; Autoexport:<\/b><\/div>\n<div><b>\u00a0<\/b><\/div>\n<div>Ein Unfall ist oft f\u00fcr viele Autofahrer eine schlechte Erinnerung, doch das Autofahren ist oft mit solchen Risiken verbunden. Wichtig ist es, \u00a0dass man dieses schreckliche Ereignis hinter sich l\u00e4sst und nach vorne guckt. Die Frage ist oft, \u00a0was macht man mit dem verunfallten PKW oder LKW? Eine Entscheidung , die man nicht immer einfach treffen kann. Doch mit\u00a0<b>Unfallwagen Ankauf Hilden<\/b>\u00a0haben Sie den richtigen Ratgeber auf Ihre Seite und den zuverl\u00e4ssigen und fairen K\u00e4ufer f\u00fcr alle Unfallfahrzeuge. Dank unserer langj\u00e4hrigen Erfahrung im\u00a0<b>Autoexport Hilden<\/b>\u00a0sind wir immer auf der Suche nach PKWs und LKWs mit oder ohne Unfall und zahlen daf\u00fcr die besten Preise. Wir holen alle Unfallfahrzeuge unabh\u00e4ngig von deren Zustand kostenlos ab. Es ist uns v\u00f6llig egal wie der Schaden aussieht. Wir haben f\u00fcr jedes Fahrzeug Interesse und dementsprechend bieten wir einen fairen Preis. \u00a0Au\u00dferdem sind wir Partner vieler Verwertungsbetrieben und holen alle Schrott Autos oder alte Fahrzeuge die nicht mehr verkehrssicher sind ab.<\/div>\n<div><\/div>\n<div><b>Dienste \u00dcberblick mit besten Vorteilen bei KFZ-Ankauf Hilden<\/b><\/div>\n<div><\/div>\n<div>\u2981 Kostenlose Beratung und bundesweite Abholung<\/div>\n<div>\u2981 Sofortige Barzahlung oder \u00dcberweisung wie sie sich es w\u00fcnschen<\/div>\n<div>\u2981 Transparente, und faire Gesch\u00e4ftsabwicklung<\/div>\n<div>\u2981 Kostenlose PKW und LKW-Abmeldung<\/div>\n<div>\u2981 Kfz- Ankauf Hilden kauft alle Fahrzeuge mit Motor -und Getriebeschaden<\/div>\n<div>\u2981 Kostenlose Vorortsbesichtigung und unverbindliche Preisermittlung<\/div>\n<div>\u2981 Keine versteckte Kosten oder sonstiges<\/div>\n<div><\/div>\n<div>Warten Sie nicht solange, wenn Sie Ihr Gebrauchtwagen professionell und schnell verkaufen wollen! Bei uns erzielen Sie die besten Ergebnisse und sparen Sie viel Geld und vor allem viel Zeit. \u00a0Wir sind auf unseren Kunden Seite f\u00fcr eine langfristige und dauerhafte Zusammenarbeit.<\/div>\n<div class=\"yj6qo\"><\/div>\n<div class=\"adL\"><\/div>\n","protected":false},"excerpt":{"rendered":"<p>Gebrauchtwagen Ankauf Hilden verspricht Zuverl\u00e4ssigkeit und beste Preise Mit\u00a0www.gebraucht-autos-ankauf\u00a0verkaufen Sie heute noch Ihr privates Fahrzeug oder Ihren Firmenwagen schnell, risikolos und zuverl\u00e4ssig zu den besten und aktuellsten Marktpreisen.\u00a0Gebrauchtwagen Ankauf Hilden\u00a0ist rund um die Uhr f\u00fcr Sie erreichbar. Rufen Sie uns unter der Rufnummer &#8211;0157 360 46 703&#8211;<\/p>\n","protected":false},"author":1,"featured_media":0,"parent":0,"menu_order":0,"comment_status":"closed","ping_status":"closed","template":"page-FullWidth.php","meta":{"om_disable_all_campaigns":false,"_monsterinsights_skip_tracking":false,"_monsterinsights_sitenote_active":false,"_monsterinsights_sitenote_note":"","_monsterinsights_sitenote_category":0,"spay_email":""},"_links":{"self":[{"href":"https:\/\/gebraucht-auto-ankauf.de\/index.php\/wp-json\/wp\/v2\/pages\/5631"}],"collection":[{"href":"https:\/\/gebraucht-auto-ankauf.de\/index.php\/wp-json\/wp\/v2\/pages"}],"about":[{"href":"https:\/\/gebraucht-auto-ankauf.de\/index.php\/wp-json\/wp\/v2\/types\/page"}],"author":[{"embeddable":true,"href":"https:\/\/gebraucht-auto-ankauf.de\/index.php\/wp-json\/wp\/v2\/users\/1"}],"replies":[{"embeddable":true,"href":"https:\/\/gebraucht-auto-ankauf.de\/index.php\/wp-json\/wp\/v2\/comments?post=5631"}],"version-history":[{"count":1,"href":"https:\/\/gebraucht-auto-ankauf.de\/index.php\/wp-json\/wp\/v2\/pages\/5631\/revisions"}],"predecessor-version":[{"id":5633,"href":"https:\/\/gebraucht-auto-ankauf.de\/index.php\/wp-json\/wp\/v2\/pages\/5631\/revisions\/5633"}],"wp:attachment":[{"href":"https:\/\/gebraucht-auto-ankauf.de\/index.php\/wp-json\/wp\/v2\/media?parent=5631"}],"curies":[{"name":"wp","href":"https:\/\/api.w.org\/{rel}","templated":true}]}}