{"id":5617,"date":"2021-11-14T10:13:55","date_gmt":"2021-11-14T10:13:55","guid":{"rendered":"https:\/\/gebraucht-auto-ankauf.de\/?page_id=5617"},"modified":"2021-11-16T08:39:32","modified_gmt":"2021-11-16T08:39:32","slug":"autoankauf-aachen","status":"publish","type":"page","link":"https:\/\/gebraucht-auto-ankauf.de\/index.php\/autoankauf-aachen\/","title":{"rendered":"Autoankauf Aachen"},"content":{"rendered":"<div id=\"attachment_5622\" style=\"width: 310px\" class=\"wp-caption alignleft\"><img aria-describedby=\"caption-attachment-5622\" decoding=\"async\" loading=\"lazy\" class=\"wp-image-5622 size-medium\" src=\"http:\/\/gebraucht-auto-ankauf.de\/wp-content\/uploads\/2021\/11\/08b9a911-be5a-4d81-b09b-137e2896b33c-300x219.jpg\" alt=\"gebraucht-auto-ankauf.de\" width=\"300\" height=\"219\" srcset=\"https:\/\/gebraucht-auto-ankauf.de\/wp-content\/uploads\/2021\/11\/08b9a911-be5a-4d81-b09b-137e2896b33c-300x219.jpg 300w, https:\/\/gebraucht-auto-ankauf.de\/wp-content\/uploads\/2021\/11\/08b9a911-be5a-4d81-b09b-137e2896b33c-768x561.jpg 768w, https:\/\/gebraucht-auto-ankauf.de\/wp-content\/uploads\/2021\/11\/08b9a911-be5a-4d81-b09b-137e2896b33c-600x438.jpg 600w, https:\/\/gebraucht-auto-ankauf.de\/wp-content\/uploads\/2021\/11\/08b9a911-be5a-4d81-b09b-137e2896b33c.jpg 1024w\" sizes=\"(max-width: 300px) 100vw, 300px\" \/><p id=\"caption-attachment-5622\" class=\"wp-caption-text\">gebraucht-auto-ankauf.de<\/p><\/div>\n<p><strong>Verkaufen Sie Ihren <a href=\"https:\/\/gebraucht-auto-ankauf.de\/\">Gebrauchtwagen<\/a> in Aachen schnell und zum Bestpreis<\/strong><\/p>\n<p>Wir kaufen auch alle PKWs und LKWs mit Motor- oder Getriebeschaden!<\/p>\n<p>Egal ob es sich hierbei um einen Jahreswagen oder um ein \u00e4lteres Fahrzeug geht, rufen Sie uns doch einfach unter der Rufnummer -0157 360 46 703-\u00a0an und profitieren Sie von unseren Bestpreisen. Bieten Sie uns alles rund um Automobile an. \u00a0Ob es um ein oder mehrere Firmenwagen oder um ein Privatfahrzeug handelt, wir interessieren uns f\u00fcr Fahrzeuge aller Marken und Modelle. Wir sind ein stetig expandierender Autoexport Spezialist. \u00a0Nat\u00fcrlich k\u00f6nnen Sie auch bei\u00a0Gebrauchtwagen in Aachen \u00a0\u00a0unser Online Formular ausf\u00fcllen und uns zuschicken. \u00a0Unsere flei\u00dfigen Mitarbeiter werden Sie sofort nach Erhalt des Formulars kontaktieren. \u00a0KFZ-Ankauf Aachen\u00a0steht Ihnen mit umfassenden Services schnell und zuverl\u00e4ssig zur Seite bei Ihrem Verkauf Ihres KFZs , Busse oder LKWs. Sowie auch bei einem Unfall, einer Panne oder Informationsbedarf.<\/p>\n<h6>gebraucht autos ankauf<\/h6>\n<p>&nbsp;<\/p>\n<p><strong>Bei\u00a0gebraucht-auto-ankauf.de\u00a0verkaufen Sie sicher Ihr Fahrzeug<\/strong><\/p>\n<p>&nbsp;<\/p>\n<p>Selbst wenn das Fahrzeug nicht fahrbereit oder defekt ist, \u00a0mit gebraucht-autos-ankauf haben sie die M\u00f6glichkeit das PKW, LKW, Stapler und andere Nutzfahrzeuge schnell und effektiv zu verkaufen. Sie sparen sich damit viel Zeit und nicht ernsthafte Angebote.\u00a0 Dank unserer Professionalit\u00e4t, Fairness und langj\u00e4hrigen Erfahrung in Autohandel und Export besitzen wir viele M\u00f6glichkeiten und k\u00f6nnen alle Autos, LKWs im In- und Ausland vermarkten.<\/p>\n<p>&nbsp;<\/p>\n<p><strong>Unfallwagen &amp; Schrottauto Ankauf Aachen ohne Wenn und aber<\/strong><\/p>\n<p>Haben Sie ein Unfallwagen oder ein besch\u00e4digtes Fahrzeug das nur in der Garage oder in Hof rum liegt und vielleicht auch kosten verursacht? Haben Sie ein Fahrzeug ohne T\u00dcV oder das wegen s\u00e4mtlichen M\u00e4ngeln kein T\u00dcV mehr bekommen kann? Hier sind Sie auch richtig bei uns. Wir werden Ihnen die passende L\u00f6sung anbieten um eine richtige Entscheidung zu treffen. Rufen Sie uns direkt an und schicken Sie uns aussagekr\u00e4ftige Bilder von Ihrem Fahrzeug per WhatsApp -0157 360 46 703-, unsere Mitarbeiter werden Sie sofort kontaktieren und eine schnelle und professionelle Gesch\u00e4ftsabwicklung mit Ihnen zu erm\u00f6glichen.<\/p>\n<p>&nbsp;<\/p>\n<p>&nbsp;<\/p>\n<p>Klare Vorteile beim Verkauf aller Fahrzeuge bei KFZ <a href=\"https:\/\/verkaufe-meinauto.de\/\">-Ankauf Aachen<\/a>:<\/p>\n<p>&nbsp;<\/p>\n<p>1. Kostenfreie Abmeldung und Erledigung aller beh\u00f6rdlichen Formalit\u00e4ten<\/p>\n<p>2. Kostenfreie Abholung bundesweit<\/p>\n<p>3. Unverbindliche Preisermittlung und kostenlose Beratung<\/p>\n<p>4. Kundenorientierte Gesch\u00e4ftsabwicklung<\/p>\n<p>5. Kostenlose Vorortsbesichtigung<\/p>\n<p>&nbsp;<\/p>\n<p><strong>Haben Sie Fragen rund um den Verkauf Ihres PKWs oder LKWs?<\/strong><\/p>\n<p>&nbsp;<\/p>\n<p>Lassen Sie sich von unserem gebraucht Fahrzeug Ankauf Spezialisten kostenlos gut beraten. Haben Sie Sonderw\u00fcnsche? \u00a0Sprechen Sie uns Ihre Anliegen an. Wir setzen alles daran, dass mit technischer Kompetenz und qualifizierter Betreuung alle Fragen unserer Kunden beantworten und schwere verkaufbare Autos oder LKWs zu erm\u00f6glichen.<\/p>\n<p>&nbsp;<\/p>\n<p>&nbsp;<\/p>\n<p>&nbsp;<\/p>\n<p>&nbsp;<\/p>\n<p>&nbsp;<\/p>\n<p>&nbsp;<\/p>\n","protected":false},"excerpt":{"rendered":"<p>Verkaufen Sie Ihren Gebrauchtwagen in Aachen schnell und zum Bestpreis Wir kaufen auch alle PKWs und LKWs mit Motor- oder Getriebeschaden! Egal ob es sich hierbei um einen Jahreswagen oder um ein \u00e4lteres Fahrzeug geht, rufen Sie uns doch einfach unter der Rufnummer -0157 360 46 703-\u00a0an<\/p>\n","protected":false},"author":1,"featured_media":0,"parent":0,"menu_order":0,"comment_status":"closed","ping_status":"closed","template":"page-FullWidth.php","meta":{"om_disable_all_campaigns":false,"_monsterinsights_skip_tracking":false,"_monsterinsights_sitenote_active":false,"_monsterinsights_sitenote_note":"","_monsterinsights_sitenote_category":0,"spay_email":""},"_links":{"self":[{"href":"https:\/\/gebraucht-auto-ankauf.de\/index.php\/wp-json\/wp\/v2\/pages\/5617"}],"collection":[{"href":"https:\/\/gebraucht-auto-ankauf.de\/index.php\/wp-json\/wp\/v2\/pages"}],"about":[{"href":"https:\/\/gebraucht-auto-ankauf.de\/index.php\/wp-json\/wp\/v2\/types\/page"}],"author":[{"embeddable":true,"href":"https:\/\/gebraucht-auto-ankauf.de\/index.php\/wp-json\/wp\/v2\/users\/1"}],"replies":[{"embeddable":true,"href":"https:\/\/gebraucht-auto-ankauf.de\/index.php\/wp-json\/wp\/v2\/comments?post=5617"}],"version-history":[{"count":10,"href":"https:\/\/gebraucht-auto-ankauf.de\/index.php\/wp-json\/wp\/v2\/pages\/5617\/revisions"}],"predecessor-version":[{"id":5629,"href":"https:\/\/gebraucht-auto-ankauf.de\/index.php\/wp-json\/wp\/v2\/pages\/5617\/revisions\/5629"}],"wp:attachment":[{"href":"https:\/\/gebraucht-auto-ankauf.de\/index.php\/wp-json\/wp\/v2\/media?parent=5617"}],"curies":[{"name":"wp","href":"https:\/\/api.w.org\/{rel}","templated":true}]}}