{"id":5605,"date":"2021-10-03T10:11:48","date_gmt":"2021-10-03T10:11:48","guid":{"rendered":"https:\/\/gebraucht-auto-ankauf.de\/?page_id=5605"},"modified":"2021-10-03T10:11:48","modified_gmt":"2021-10-03T10:11:48","slug":"autoankauf-dortmund","status":"publish","type":"page","link":"https:\/\/gebraucht-auto-ankauf.de\/index.php\/autoankauf-dortmund\/","title":{"rendered":"Autoankauf Dortmund"},"content":{"rendered":"<p><img decoding=\"async\" loading=\"lazy\" class=\"alignnone size-medium wp-image-5606\" src=\"http:\/\/gebraucht-auto-ankauf.de\/wp-content\/uploads\/2021\/10\/Autokauf-in-Dortmund-300x200.jpg\" alt=\"gebraucht-autos-ankauf\" width=\"300\" height=\"200\" srcset=\"https:\/\/gebraucht-auto-ankauf.de\/wp-content\/uploads\/2021\/10\/Autokauf-in-Dortmund-300x200.jpg 300w, https:\/\/gebraucht-auto-ankauf.de\/wp-content\/uploads\/2021\/10\/Autokauf-in-Dortmund-768x512.jpg 768w, https:\/\/gebraucht-auto-ankauf.de\/wp-content\/uploads\/2021\/10\/Autokauf-in-Dortmund-600x400.jpg 600w, https:\/\/gebraucht-auto-ankauf.de\/wp-content\/uploads\/2021\/10\/Autokauf-in-Dortmund.jpg 825w\" sizes=\"(max-width: 300px) 100vw, 300px\" \/><\/p>\n<h1>Sie m\u00f6chten Ihr Auto in Dortmund und Umgebung m\u00fchelos verkaufen?<\/h1>\n<p>Wir von Autoankauf Dortmund nehmen Ihnen die schwierige Aufgabe ab, Ihr Auto zu den besten Konditionen zu verkaufen.<br \/>\nWarten Sie nicht l\u00e4nger und wenden Sie sich an unsere Agentur von Autoankauf Dortmund um Ihr Fahrzeug schnell und unkompliziert zu verkaufen.<br \/>\nWenden Sie sich telefonisch unter der Rufnummer\u00a0<strong>015736046703<\/strong>\u00a0oder besuchen Sie uns auf unsere Homepage bei unseren freundlichen Mitarbeitern. Minutenschnell geben Ihnen unsere Mitarbeiter Auskunft \u00fcber Ihr Fahrzeug.<br \/>\nSie bewerten es fair und lukrativ. Es ist Heutzutage schwer auf dem hiesigem Automarkt weltweit mitzuhalten, deshalb legen wir gro\u00dfen Wert darauf stetig unsere Mitarbeiter auf den neuesten Stand zu bringen. Wie gesagt, wir versprechen Ihnen mit ein wenig Klicks gelangen Sie auf unsere Homepage und in weniger als f\u00fcnf Minuten bekommen Sie einen sehr fairen Kostenvoranschlag.<br \/>\nSie wollen sich doch auch nicht mit fremden und kuriosen Personen umgeben und wo Sie sich nicht sicher sein k\u00f6nnen, den besten Preis rausgeschlagen zu haben. Wenn es Ihnen passt, m\u00fcssen Sie nur einen Termin in einer unserer Partnergaragen oder auf dem Parkplatz Ihres Autos vereinbaren, um den Verkauf abzuschlie\u00dfen. Wir von\u00a0<strong>Autoankauf Dortmund<\/strong>\u00a0versichern Ihnen, uns stetig an den lokalen und nationalen Marktpreis zu halten.<\/p>\n<h2>Unfallauto Ankauf<\/h2>\n<p>\u00dcbrigens, haben wir schon erw\u00e4hnt, dass wir uns auch f\u00fcr Fahrzeuge mit einem Unfall interessieren?\u00a0<strong>Unfallauto Ankauf Dortmund<\/strong>\u00a0kauft alle Unfallautos mit leichtem oder Totalsch\u00e4den ab. Diese holen wir , egal wo sie sind ab. Wir zahlen mehr als den Restwert, falls sie schon ein Gutachten haben sollten. Scheuen Sie sich nicht uns darauf anzusprechen.<br \/>\nUnser Gebrauchtwagen Ankauf und Export kauft nat\u00fcrlich auch Pkws mit Motor-Getriebesch\u00e4den und Fahrzeuge die nicht mehr fahrbereit sind. Des Weiteren nehmen wir auch Fahrzeuge die nur noch geschrottet werden m\u00fcssen. Ein Anruf reicht und wir kommen zu Ihnen und befreien Sie von der Last und Sorge ihr Fahrzeug zu ver\u00e4u\u00dfern. Wir machen es Ihnen leicht auch sich von schrottreifen Pkws oder Baumaschinen m\u00fchelos los zu werden.<\/p>\n<h2>Wir von KFZ-Ankauf Dortmund<\/h2>\n<p>sind stets bestrebt verschiedene Hersteller wie Z.B Opel, Audi, Skoda, Mercedes, Renault, Peugeot, BMW, Fiat, Toyota, Nissan, Hyundai , und viele andere Marken und Modelle anzukaufen. Wir kaufen nat\u00fcrlich Oldtimer , Youngtimer ,Wohnmobile, Motorr\u00e4der, Baumaschinen, K\u00fchlkastenwagen, Kastenwagen, Transporter, Pritsche, Auflieger, Krankenwagen, Tankaufbau, Dreiseitenkipper, Autotransporter, Sattelzugmaschinen, Auflieger, und Traktoren.<\/p>\n<h3>Ihre Vorteile bei KFZ-Ankauf Dortmund:<\/h3>\n<ol>\n<li>Schnelle Bewertung Ihres Fahrzeuges<\/li>\n<li>Umfangreiche und kostenlose Beratung<\/li>\n<li>Schnelle Gesch\u00e4ftsabwicklung und Barzahlung<\/li>\n<li>Wir kommen zum Besichtigungstermin und sind flexibel mit dem Termin<\/li>\n<li>Schnelle Abholung und Abmeldung<\/li>\n<li>Sie verkaufen ihr PKW, LKW und Baumaschinen risikolos und ohne Gew\u00e4hrleistung<\/li>\n<\/ol>\n<p>Wir machen es unsere Konkurrenten schwer, in dem wir meist der beste Preisanbieter sind. Wir bieten eine effektive und einfache Gesch\u00e4ftsabwicklung. Der Verkauf an einen Fachmann bietet viele Vorteile, wie f\u00fcr einen schnellen Verkauf Ihres Fahrzeuges ohne, dass Sie f\u00fcr Ihr Auto werben oder es gar testen m\u00fcssen. Vor allem sind Sie von der technischen Kontrolle befreit. W\u00e4hlen Sie eine zuverl\u00e4ssige und sichere Alternative, suchen Sie nicht weiter.<\/p>\n<p>Bei einem erfolgreichen Verkauf bieten wir den kostenlosen Service an, Ihr Auto abzumelden. Des Weiteren erledigen wir alle s\u00e4mtlichen Beh\u00f6rdeng\u00e4nge mit der KFZ-Stelle. Sie bekommen den Kaufvertrag vor Ort und nat\u00fcrlich erfolgt die Bezahlung Bar oder so wie gew\u00fcnscht.<br \/>\nWie Sie bereits mitgekriegt haben, ist es in der heutigen Zeit der\u00a0<strong>CORONA Pandemie<\/strong>\u00a0sehr schwierig und l\u00e4stig einen Termin bei dem Ort ans\u00e4ssigen Zulassungsstelle zu bekommen. Nat\u00fcrlich ist uns ein gro\u00dfes Anliegen, uns und unsere Mitarbeiter durch dementsprechende Hygienema\u00dfnahmen zu sch\u00fctzen und einen Mund-Nasenschutz zu tragen. Wir achten stark darauf unsere Anlagen und H\u00e4nde des \u00d6fteren zu desinfizieren.<\/p>\n<p>Wenn Sie uns schon online gefunden haben, z\u00f6gern Sie nicht und lassen Sie sich \u00fcberzeugen. Profitieren Sie von unserer langj\u00e4hrigen Erfahrung. Wir liegen viel Wert auf unsere treuen zufriedenen Kunden und w\u00fcrden uns sehr freuen wenn Sie uns weiter empfehlen w\u00fcrden.<\/p>\n","protected":false},"excerpt":{"rendered":"<p>Sie m\u00f6chten Ihr Auto in Dortmund und Umgebung m\u00fchelos verkaufen? Wir von Autoankauf Dortmund nehmen Ihnen die schwierige Aufgabe ab, Ihr Auto zu den besten Konditionen zu verkaufen. Warten Sie nicht l\u00e4nger und wenden Sie sich an unsere Agentur von Autoankauf Dortmund um Ihr Fahrzeug schnell und<\/p>\n","protected":false},"author":1,"featured_media":0,"parent":0,"menu_order":0,"comment_status":"closed","ping_status":"closed","template":"","meta":{"om_disable_all_campaigns":false,"_monsterinsights_skip_tracking":false,"_monsterinsights_sitenote_active":false,"_monsterinsights_sitenote_note":"","_monsterinsights_sitenote_category":0,"spay_email":""},"_links":{"self":[{"href":"https:\/\/gebraucht-auto-ankauf.de\/index.php\/wp-json\/wp\/v2\/pages\/5605"}],"collection":[{"href":"https:\/\/gebraucht-auto-ankauf.de\/index.php\/wp-json\/wp\/v2\/pages"}],"about":[{"href":"https:\/\/gebraucht-auto-ankauf.de\/index.php\/wp-json\/wp\/v2\/types\/page"}],"author":[{"embeddable":true,"href":"https:\/\/gebraucht-auto-ankauf.de\/index.php\/wp-json\/wp\/v2\/users\/1"}],"replies":[{"embeddable":true,"href":"https:\/\/gebraucht-auto-ankauf.de\/index.php\/wp-json\/wp\/v2\/comments?post=5605"}],"version-history":[{"count":1,"href":"https:\/\/gebraucht-auto-ankauf.de\/index.php\/wp-json\/wp\/v2\/pages\/5605\/revisions"}],"predecessor-version":[{"id":5607,"href":"https:\/\/gebraucht-auto-ankauf.de\/index.php\/wp-json\/wp\/v2\/pages\/5605\/revisions\/5607"}],"wp:attachment":[{"href":"https:\/\/gebraucht-auto-ankauf.de\/index.php\/wp-json\/wp\/v2\/media?parent=5605"}],"curies":[{"name":"wp","href":"https:\/\/api.w.org\/{rel}","templated":true}]}}