{"id":5594,"date":"2021-10-03T09:46:38","date_gmt":"2021-10-03T09:46:38","guid":{"rendered":"https:\/\/gebraucht-auto-ankauf.de\/?page_id=5594"},"modified":"2021-10-03T10:04:10","modified_gmt":"2021-10-03T10:04:10","slug":"auto-verkaufen-in-essen","status":"publish","type":"page","link":"https:\/\/gebraucht-auto-ankauf.de\/index.php\/auto-verkaufen-in-essen\/","title":{"rendered":"Auto Verkaufen in Essen"},"content":{"rendered":"<p><img decoding=\"async\" loading=\"lazy\" class=\"alignnone size-medium wp-image-5595\" src=\"http:\/\/gebraucht-auto-ankauf.de\/wp-content\/uploads\/2021\/10\/blog_img2-300x176.jpg\" alt=\"\" width=\"300\" height=\"176\" srcset=\"https:\/\/gebraucht-auto-ankauf.de\/wp-content\/uploads\/2021\/10\/blog_img2-300x176.jpg 300w, https:\/\/gebraucht-auto-ankauf.de\/wp-content\/uploads\/2021\/10\/blog_img2-768x452.jpg 768w, https:\/\/gebraucht-auto-ankauf.de\/wp-content\/uploads\/2021\/10\/blog_img2-600x353.jpg 600w, https:\/\/gebraucht-auto-ankauf.de\/wp-content\/uploads\/2021\/10\/blog_img2.jpg 850w\" sizes=\"(max-width: 300px) 100vw, 300px\" \/><\/p>\n<div class=\"article_info\">\n<h3>M\u00f6chten Sie Ihr Auto in Essen verkaufen?<\/h3>\n<p>Sie m\u00f6chten ein gutes Gesch\u00e4ft machen, ohne wirklich zu wissen, wen Sie anrufen sollen.<br \/>\nUm Ihr Auto in Essen schnell, reibungslos und ohne Verwaltungsformalit\u00e4ten zu verkaufen, wenden Sie sich an die Spezialisten von gebraucht-auto-ankauf.de! Unser System ist f\u00fcr alle Personen gedacht und erm\u00f6glicht es Ihnen, Ihr Auto kostenlos und unverbindlich sch\u00e4tzen zu lassen und ein Kaufangebot zu erhalten. Ihr altes Auto ist f\u00fcr uns wertvoll.<\/p>\n<p>Unsere Mitarbeiter k\u00fcmmern sich in der Tat um Sie. Dank unserer Experten ist es Ihnen m\u00f6glich, in k\u00fcrzester Zeit Gesch\u00e4fte zu t\u00e4tigen und von Ihrem Gebrauchtwagen zu profitieren. Testen Sie jetzt unsere Wirksamkeit: Sie brauchen lediglich zum Telefon zu greifen. Eine telefonische Kontaktaufnahme gen\u00fcgt. Oder wenn Sie es w\u00fcnschen, k\u00f6nnen Sie uns Online- kontaktieren. Ein Online \u2013 Formular zum Ausf\u00fcllen steht f\u00fcr Sie bereit.<\/p>\n<h3>Entfliehen Sie den Zw\u00e4ngen des Gebrauchtmarktes<\/h3>\n<p>Wenn Sie\u00a0<strong>Ihr Auto in Essen verkaufen<\/strong>\u00a0m\u00f6chten, werden Sie manchmal entmutigt.<br \/>\nUnd zwar aus gutem Grund. Die \u00fcblichen Verkaufsmethoden \u2013 Kleinanzeigen zum Beispiel \u2013 werden immer von vielen benutzt, aber das ist mit Zeit, Lust, Kosten und Aufwand verbunden.<br \/>\nBei gebraucht-auto-ankauf.de brauchen Sie nicht Ihr Auto zum Verkauf in die Zeitung zu inserieren.<br \/>\nBei gebraucht-auto-ankauf.de haben Sie sofort einen Ansprechpartner, an den Sie sich jederzeit wenden k\u00f6nnen. Eine telefonische Kontaktaufnahme mit uns gen\u00fcgt. Sie sind auf der sicheren Seite.<br \/>\nUnsere Mitarbeiter kommen zu Ihnen und bewerten vor Ort in Ihrer Anwesenheit<br \/>\nIhr Fahrzeug : Privatfahrzeug, Dienstwagen, PKW, LKW, Gebrauchtwagen aller Marken.<br \/>\nUnser Mitarbeiter wird vor Ort Ihr Fahrzeug kostenlos und unverbindlich sch\u00e4tzen und Ihnen ein Kaufangebot unterbreiten. Wenn das Kaufangebot Ihren Erwartungen entspricht, k\u00f6nnen Sie dann einen Termin mit unserem Mitarbeiter vereinbaren um das Fahrzeug abzuholen. gebraucht-auto-ankauf.de k\u00fcmmert sich dann um alle weiteren administrativen Abl\u00e4ufe.<\/p>\n<h3>Auto Verkaufen in Essen<\/h3>\n<p>Vergessen Sie also die R\u00fccknahme des Autos. Sie verabschieden sich auch von Fragen der technischen Kontrolle oder Reparatur. Wir fordern so etwas nicht. Wir bitten Sie lediglich, einen Termin mit uns zu vereinbaren. Nach Ihrem Anruf kommen unsere Teams kostenlos und innerhalb von 24 Stunden zu Ihnen nach Hause, um den R\u00fcckkauf Ihres Autos in Essen bestm\u00f6glich zu beurteilen. Es erwartet Sie ein kostenloses Fachwissen, nach dem eine Vertriebsl\u00f6sung angeboten wird. Alles ohne Verpflichtung. Was kann man sich mehr w\u00fcnschen, wenn man ein Fahrzeug in\u00a0<strong>Essen verkauft<\/strong>?<\/p>\n<p>Ob rollend, besch\u00e4digt oder kaputt,\u00a0<strong>der Verkauf Ihres Autos in Essen<\/strong> wird so nahe an seinem Wert gesch\u00e4tzt wie gebraucht-auto-ankauf.de.<br \/>\n\u2013 Verschwenden Sie keine Zeit mit einer Person.<br \/>\n\u2013 Kontaktieren Sie unsere Teams f\u00fcr einen Kostenvoranschlag f\u00fcr den R\u00fcckkauf Ihres Fahrzeugs in Essen!<br \/>\nWenden Sie sich per Telefon oder E-Mail an unsere Teams, um eine Sch\u00e4tzung der Wiederherstellung Ihres Fahrzeugs in weniger als 30 Minuten zu erhalten. Sobald die Sch\u00e4tzung so nahe wie m\u00f6glich am Wert Ihres Fahrzeugs erfolgt ist, vereinbaren wir einen Termin mit Ihnen. Wenn der Kostenvoranschlag mit Ihnen vereinbart wurde, wird Ihr Auto vom gebraucht-auto-ankauf.de-Team sofort zur\u00fcckgenommen<\/p>\n<div class=\"snippet-clear\"><\/div>\n<\/div>\n<div class=\"article_tag gray-bg\">\n<div class=\"row\"><\/div>\n<\/div>\n","protected":false},"excerpt":{"rendered":"<p>M\u00f6chten Sie Ihr Auto in Essen verkaufen? Sie m\u00f6chten ein gutes Gesch\u00e4ft machen, ohne wirklich zu wissen, wen Sie anrufen sollen. Um Ihr Auto in Essen schnell, reibungslos und ohne Verwaltungsformalit\u00e4ten zu verkaufen, wenden Sie sich an die Spezialisten von gebraucht-auto-ankauf.de! Unser System ist f\u00fcr alle Personen<\/p>\n","protected":false},"author":1,"featured_media":0,"parent":0,"menu_order":0,"comment_status":"closed","ping_status":"closed","template":"","meta":{"om_disable_all_campaigns":false,"_monsterinsights_skip_tracking":false,"_monsterinsights_sitenote_active":false,"_monsterinsights_sitenote_note":"","_monsterinsights_sitenote_category":0,"spay_email":""},"_links":{"self":[{"href":"https:\/\/gebraucht-auto-ankauf.de\/index.php\/wp-json\/wp\/v2\/pages\/5594"}],"collection":[{"href":"https:\/\/gebraucht-auto-ankauf.de\/index.php\/wp-json\/wp\/v2\/pages"}],"about":[{"href":"https:\/\/gebraucht-auto-ankauf.de\/index.php\/wp-json\/wp\/v2\/types\/page"}],"author":[{"embeddable":true,"href":"https:\/\/gebraucht-auto-ankauf.de\/index.php\/wp-json\/wp\/v2\/users\/1"}],"replies":[{"embeddable":true,"href":"https:\/\/gebraucht-auto-ankauf.de\/index.php\/wp-json\/wp\/v2\/comments?post=5594"}],"version-history":[{"count":3,"href":"https:\/\/gebraucht-auto-ankauf.de\/index.php\/wp-json\/wp\/v2\/pages\/5594\/revisions"}],"predecessor-version":[{"id":5604,"href":"https:\/\/gebraucht-auto-ankauf.de\/index.php\/wp-json\/wp\/v2\/pages\/5594\/revisions\/5604"}],"wp:attachment":[{"href":"https:\/\/gebraucht-auto-ankauf.de\/index.php\/wp-json\/wp\/v2\/media?parent=5594"}],"curies":[{"name":"wp","href":"https:\/\/api.w.org\/{rel}","templated":true}]}}