{"id":5467,"date":"2021-09-17T19:36:44","date_gmt":"2021-09-17T19:36:44","guid":{"rendered":"http:\/\/gebraucht-auto-ankauf.de\/?page_id=5467"},"modified":"2021-09-28T19:08:10","modified_gmt":"2021-09-28T19:08:10","slug":"uber-uns","status":"publish","type":"page","link":"https:\/\/gebraucht-auto-ankauf.de\/index.php\/uber-uns\/","title":{"rendered":"\u00dcber-uns"},"content":{"rendered":"[vc_column][vc_column_text]\n<h2 style=\"text-align: center;\">Willkommen bei verkaufe mein auto<\/h2>\n<p style=\"text-align: center;\">gebraucht-auto-ankauf.de entstand aus dem Willen eines Mannes, der mit Leidenschaft f\u00fcr Autos, den Verkauf von Gebrauchtwagen angenehmer, sicherer und kosteng\u00fcnstiger machen will.<\/p>\n<p style=\"text-align: center;\">Ausgehend von der Feststellung, dass der Verkauf eines Gebrauchtwagens meistens ein \u00fcber eine gewisse Zeit sich erstreckender, aufw\u00e4ndiger und kostenspieliger Vorgang ist, hat gebraucht-auto-ankauf.de versucht das Ganze zu ver\u00e4ndern. Der Verkauf eines Autos soll wieder Spa\u00df vorbereiten. !<\/p>\n[\/vc_column_text][\/vc_column][vc_column][\/vc_column][vc_row][vc_column][\/vc_column][\/vc_row][vc_row][vc_column width=&#8221;1\/4&#8243;][vc_single_image image=&#8221;5472&#8243; style=&#8221;vc_box_circle_2&#8243; css_animation=&#8221;bounceInRight&#8221;][\/vc_column][vc_column width=&#8221;1\/4&#8243;][vc_column_text css_animation=&#8221;bounceInDown&#8221;]\n<h3 style=\"text-align: center;\">Unsere Aufgabe:<\/h3>\n<p style=\"text-align: center;\">Wir kaufen alle Typen von Kraftfahrzeugen. Zustand und Kilometerstand gleichg\u00fcltig, mit defektem Motor, mit einem Getriebeschaden, oder mit einem durch einen Unfall verursachten betriebeschaden, mit hohem Kilometerstand, Unfallwagen, mit mechanischen Ausf\u00e4llen, mit oder ohne technische Hauptuntersuchung T\u00dcV \u2026\u2026..<\/p>\n[\/vc_column_text][\/vc_column][vc_column width=&#8221;1\/4&#8243;][vc_single_image image=&#8221;5473&#8243; style=&#8221;vc_box_circle_2&#8243; css_animation=&#8221;bounceInRight&#8221;][\/vc_column][vc_column width=&#8221;1\/4&#8243;][vc_column_text css_animation=&#8221;bounceInDown&#8221;]\n<h3 style=\"text-align: center;\">Was wir tun!<\/h3>\n<p style=\"text-align: center;\">Die Entsorgung erfolgt auf unsere Kosten und wird sorgf\u00e4ltig mit unserem Abschleppdienst erledigt. Wir \u00fcbernehmen lediglich Kraftwagen mit einem g\u00fcltigen Kraftfahrzeugschein und keinen, der in der Vergangenheit f\u00fcr ung\u00fcltig erkl\u00e4rt wurde.<\/p>\n[\/vc_column_text][\/vc_column][\/vc_row][vc_row][vc_column width=&#8221;1\/4&#8243;][vc_single_image image=&#8221;5476&#8243; style=&#8221;vc_box_circle_2&#8243; css_animation=&#8221;bounceInRight&#8221;][\/vc_column][vc_column width=&#8221;1\/4&#8243;][vc_column_text css_animation=&#8221;bounceInDown&#8221;]\n<h3 style=\"text-align: center;\">Operationsbereich:<\/h3>\n<p style=\"text-align: center;\">Unsere Vertragspartner reisen im ganzen Gebiet der Bundesrepublik, um ihr Auto zu kaufen.<\/p>\n[\/vc_column_text][\/vc_column][vc_column width=&#8221;1\/4&#8243;][vc_single_image image=&#8221;5477&#8243; style=&#8221;vc_box_circle_2&#8243; css_animation=&#8221;bounceInRight&#8221;][\/vc_column][vc_column width=&#8221;1\/4&#8243;][vc_column_text css_animation=&#8221;bounceInDown&#8221;]\n<h3 style=\"text-align: center;\">Wer sind wir?<\/h3>\n<p style=\"text-align: center;\">Wir haben uns auf den Export von gebrauchten Kraftfahrzeugen spezialisiert.<\/p>\n[\/vc_column_text][\/vc_column][\/vc_row]\n","protected":false},"excerpt":{"rendered":"<p>[vc_column][vc_column_text] Willkommen bei verkaufe mein auto gebraucht-auto-ankauf.de entstand aus dem Willen eines Mannes, der mit Leidenschaft f\u00fcr Autos, den Verkauf von Gebrauchtwagen angenehmer, sicherer und kosteng\u00fcnstiger machen will. Ausgehend von der Feststellung, dass der Verkauf eines Gebrauchtwagens meistens ein \u00fcber eine gewisse Zeit sich erstreckender, aufw\u00e4ndiger und<\/p>\n","protected":false},"author":1,"featured_media":0,"parent":0,"menu_order":0,"comment_status":"closed","ping_status":"closed","template":"page-FullWidth.php","meta":{"om_disable_all_campaigns":false,"_monsterinsights_skip_tracking":false,"_monsterinsights_sitenote_active":false,"_monsterinsights_sitenote_note":"","_monsterinsights_sitenote_category":0,"spay_email":""},"_links":{"self":[{"href":"https:\/\/gebraucht-auto-ankauf.de\/index.php\/wp-json\/wp\/v2\/pages\/5467"}],"collection":[{"href":"https:\/\/gebraucht-auto-ankauf.de\/index.php\/wp-json\/wp\/v2\/pages"}],"about":[{"href":"https:\/\/gebraucht-auto-ankauf.de\/index.php\/wp-json\/wp\/v2\/types\/page"}],"author":[{"embeddable":true,"href":"https:\/\/gebraucht-auto-ankauf.de\/index.php\/wp-json\/wp\/v2\/users\/1"}],"replies":[{"embeddable":true,"href":"https:\/\/gebraucht-auto-ankauf.de\/index.php\/wp-json\/wp\/v2\/comments?post=5467"}],"version-history":[{"count":10,"href":"https:\/\/gebraucht-auto-ankauf.de\/index.php\/wp-json\/wp\/v2\/pages\/5467\/revisions"}],"predecessor-version":[{"id":5565,"href":"https:\/\/gebraucht-auto-ankauf.de\/index.php\/wp-json\/wp\/v2\/pages\/5467\/revisions\/5565"}],"wp:attachment":[{"href":"https:\/\/gebraucht-auto-ankauf.de\/index.php\/wp-json\/wp\/v2\/media?parent=5467"}],"curies":[{"name":"wp","href":"https:\/\/api.w.org\/{rel}","templated":true}]}}