{"id":5597,"date":"2021-10-03T10:00:27","date_gmt":"2021-10-03T10:00:27","guid":{"rendered":"https:\/\/gebraucht-auto-ankauf.de\/?page_id=5597"},"modified":"2021-10-03T10:00:27","modified_gmt":"2021-10-03T10:00:27","slug":"auto-verkaufen-in-essen-2","status":"publish","type":"page","link":"https:\/\/gebraucht-auto-ankauf.de\/index.php\/auto-verkaufen-in-essen-2\/","title":{"rendered":"Auto Verkaufen in Essen"},"content":{"rendered":"<p><img decoding=\"async\" loading=\"lazy\" class=\"alignnone size-medium wp-image-5599\" src=\"http:\/\/gebraucht-auto-ankauf.de\/wp-content\/uploads\/2021\/10\/Auto-Verkaufspreis-bestimmen-300x200.jpg\" alt=\"gebraucht autos ankauf\" width=\"300\" height=\"200\" srcset=\"https:\/\/gebraucht-auto-ankauf.de\/wp-content\/uploads\/2021\/10\/Auto-Verkaufspreis-bestimmen-300x200.jpg 300w, https:\/\/gebraucht-auto-ankauf.de\/wp-content\/uploads\/2021\/10\/Auto-Verkaufspreis-bestimmen.jpg 400w\" sizes=\"(max-width: 300px) 100vw, 300px\" \/><\/p>\n<p>Sie m\u00f6chten Ihr altes Auto bequem, unkompliziert und schnell zu aktuellen Preisen in Frankfurt verkaufen? Dann rufen Sie uns unter der Rufnummer: 0157 36046703 an und lassen Sie sich unverbindlich \u00fcberzeugen! Geben Sie uns die wichtigsten Autodaten und Zustand ihres Pkws durch. Dann haben wir schon ein gesamtes Bild und k\u00f6nnen einen fairen Preis ermitteln. Wir, von Gebrauchtwagen Ankauf und Export kaufen in Frankfurt Autos, LKWS, Stapler und andere Nutzfahrzeuge an. Sparen Sie sich die Zeit und nervige privat Anzeigen, denn es gibt viele unseri\u00f6se Interessenten. Bei uns k\u00f6nnen Sie Ihrem Gebrauchtwagen verkaufen nur wenn Sie mit dem Preis zufrieden sind. Nat\u00fcrlich kaufen wir auch Autos mit diversen M\u00e4ngeln und holen diese auch au\u00dferhalb Frankfurts ab. Wir k\u00fcmmern uns um die Abholung und Abfertigung von allen Fahrzeugen innerhalb und au\u00dferhalb Frankfurts.<br \/>\nWenn Sie Lust und Zeit haben, dann f\u00fcllen Sie doch unser Online Formular schnell und bequem aus und in wenigen Minuten schicken Ihnen unsere Mitarbeiter die Bewertung ihres Fahrzeuges oder wir melden uns sofort bei Ihnen.<\/p>\n<h2>Unfallauto Ankauf in Frankfurt und Umgebung<\/h2>\n<p><img decoding=\"async\" loading=\"lazy\" class=\"alignnone size-medium wp-image-5600\" src=\"http:\/\/gebraucht-auto-ankauf.de\/wp-content\/uploads\/2021\/10\/Unfallauto-Ankauf-2-700x542-1-300x232.jpeg\" alt=\"https:\/\/gebraucht-auto-ankauf.de\/\" width=\"300\" height=\"232\" srcset=\"https:\/\/gebraucht-auto-ankauf.de\/wp-content\/uploads\/2021\/10\/Unfallauto-Ankauf-2-700x542-1-300x232.jpeg 300w, https:\/\/gebraucht-auto-ankauf.de\/wp-content\/uploads\/2021\/10\/Unfallauto-Ankauf-2-700x542-1-600x465.jpeg 600w, https:\/\/gebraucht-auto-ankauf.de\/wp-content\/uploads\/2021\/10\/Unfallauto-Ankauf-2-700x542-1.jpeg 700w\" sizes=\"(max-width: 300px) 100vw, 300px\" \/><\/p>\n<p>Haben Sie ein Unfallauto zu verkaufen? Ob Heck oder Frontschaden, dank unserem breiten Exportkundschaft kaufen wir alle Unfallfahrzeuge. Vom leichten, bis zum wirtschaftlichen Totalschaden interessiert sich gebraucht-auto-ankauf.de\u00a0f\u00fcr alles. Da wir langj\u00e4hrige Erfahrung sammeln konnten, sind wir heute eine benutzerfreundliche Restwertb\u00f6rse f\u00fcr die professionelle Ermittlung Marktgerechter Restwerte von Unfallfahrzeugen. Sollten Sie schon ein Angebot bekommen haben, so \u00fcberbieten wir den unschlagbaren Preis! \u00dcberzeugen Sie sich selbst von Unfallwagen Ankauf Frankfurt.<\/p>\n<h3>Autoverwertung Frankfurt<\/h3>\n<p>Alte Autos die nicht mehr fahrt\u00fcchtig sind oder nicht mehr verkehrssicher sind, m\u00fcssen vern\u00fcnftig entsorgt werden. Da die Reparaturkosten zu hoch und damit nicht mehr rentabel sind, m\u00fcssen sie dann verwertet werden. Dies ist auch einer unserer Dienste.<\/p>\n<h4>EIN GRO\u00dfES SPEKTRUM AN DIENSTLEISTUNGEN RUND UMS AUTOANKAUF:<\/h4>\n<p>\u2981 professioneller Autoverkauf mit Bestpreis<br \/>\n\u2981 kostenlose Bewertung und Beratung<br \/>\n\u2981 Schneller Gebrauchtwagen Ankauf<br \/>\n\u2981 Motor- und Getriebeschaden Ankauf<br \/>\n\u2981 bundesweite Abholung<br \/>\n\u2981 Verkauf von defekten Altautos ohne T\u00dcV oder mit M\u00e4ngeln<br \/>\n\u2981 Umfangreiche, professionelle und Ankauf aller Personen und Lastkraftfahrzeuge<\/p>\n<p><strong>Aller\u00adwich\u00adtigs\u00adte Autodaten bei privaten oder Firmenwagen Verkauf<\/strong><\/p>\n<p>sind zum Beispiel die Erstzulassung oder das Baujahr , die Extras, der Kilometerstand, der PKW-Zustand, die Anzahl der Vorbesitzer, das Scheck\u00adheft.<br \/>\nDiese Fahrzeugdaten sollen bei der fairen Bewertung zum Bestpreis ermittelt werden.<br \/>\nDiese und weitere Kriterien werden an einem unserer Ankauf-Experten \u00fcbermittelt und festgehalten. Auf Basis Ihrer Fahrzeugdaten ermittelt unser Bewertungsteam einen f\u00fcr Sie fairen Ankaufspreis.<\/p>\n<h4>Ihre Vorteile bei gebraucht-auto-ankauf.de<\/h4>\n<p>Ankauf aller Pkws, Busse und Lkws ob im guten oder schlechten Zustand<br \/>\n<img decoding=\"async\" class=\"emoji\" role=\"img\" draggable=\"false\" src=\"https:\/\/s.w.org\/images\/core\/emoji\/13.1.0\/svg\/2714.svg\" alt=\"\u2714\" \/>Null Risiko\u00a0<img decoding=\"async\" class=\"emoji\" role=\"img\" draggable=\"false\" src=\"https:\/\/s.w.org\/images\/core\/emoji\/13.1.0\/svg\/2714.svg\" alt=\"\u2714\" \/>keine Kosten\u00a0<img decoding=\"async\" class=\"emoji\" role=\"img\" draggable=\"false\" src=\"https:\/\/s.w.org\/images\/core\/emoji\/13.1.0\/svg\/2714.svg\" alt=\"\u2714\" \/>keine Gew\u00e4hrleistung\u00a0<img decoding=\"async\" class=\"emoji\" role=\"img\" draggable=\"false\" src=\"https:\/\/s.w.org\/images\/core\/emoji\/13.1.0\/svg\/2714.svg\" alt=\"\u2714\" \/>Abholung Bundesweit\u00a0<img decoding=\"async\" class=\"emoji\" role=\"img\" draggable=\"false\" src=\"https:\/\/s.w.org\/images\/core\/emoji\/13.1.0\/svg\/2714.svg\" alt=\"\u2714\" \/>Abl\u00f6se der Finanzierung oder Leasings Vertrages<br \/>\n<img decoding=\"async\" class=\"emoji\" role=\"img\" draggable=\"false\" src=\"https:\/\/s.w.org\/images\/core\/emoji\/13.1.0\/svg\/2714.svg\" alt=\"\u2714\" \/>flexible Gesch\u00e4ftsabwicklung\u00a0<img decoding=\"async\" class=\"emoji\" role=\"img\" draggable=\"false\" src=\"https:\/\/s.w.org\/images\/core\/emoji\/13.1.0\/svg\/2714.svg\" alt=\"\u2714\" \/>sofortige Barzahlung oder \u00dcberweisung<\/p>\n<h4>Die meistgestellten Fragen unserer Kunden :<\/h4>\n<p>\u2981 Kaufen Sie Autos f\u00fcr den Export?<br \/>\n\u2981 Holen Sie Autos au\u00dferhalb Frankfurts ab?<br \/>\n\u2981 Kaufen Sie Autos mit Motor- oder Getriebeschaden?<br \/>\n\u2981 Nehmen Sie Autos zur Entsorgung?<br \/>\n\u2981 Melden Sie das Auto ab?<br \/>\n\u2981 Was mache ich bei einem Autopapiere Verlust?<\/p>\n<h4>Welche Papiere braucht man zum Autoverkauf ?<\/h4>\n<p>\u2981 Fahrzeugschein (Zulassungsbescheinigung 1)<br \/>\n\u2981 Fahrzeugbrief (Zulassungsbescheinigung 2)<\/p>\n<h5>Andere Fahrzeugs Angebote unserer Kunden:<\/h5>\n<p>Youngtimer , Oldtimer, \u00e4ltere LKWs, Autos mit- oder ohne T\u00dcV, Busse aller Marken und Modelle, Transporter, Pritschen, Lkws, Stapler, Krankenwagen, Geldtransporter, Leichenwagen, K\u00fchlkastenwagen, Dreiseitenkipper, Abschleppwagen, Autokr\u00e4ne, Sattelzugmaschinen, Einsatzfahrzeuge, Bagger, Motorr\u00e4der und viele andere Nutzfahrzeuge.<\/p>\n<p>Profitieren Sie von unseren Serviceleistungen rund um den Autoankauf &amp; Autoexport Frankfurt denn bei uns verkaufen Sie Ihren Gebrauchtwage nur wenn Sie unserem Angebot zustimmen. Sie m\u00fcssen nicht unbedingt ein neues Auto kaufen oder ein Lockangebot riskieren! Wir beraten Sie gerne, wenn Sie Fragen haben und nicht mehr weiterwissen. Unser Ziel ist jeden Kunden zu gewinnen und Ihn zufrieden zu stellen, denn unsere Kunden empfehlen uns immer weiter!<\/p>\n<p>Da wir schon in einer zweiten Welle der Corona Pandemie sind, achten wir nat\u00fcrlich auf unsere Gesundheit und tragen Schutzmasken und desinfizieren unserer H\u00e4nde. Wir nehmen Ihnen soweit es geht und wenn es nat\u00fcrlich erw\u00fcnscht ist, jegliche beh\u00f6rdliche Aktivit\u00e4ten ab. Es gelten Sicherheitseinschr\u00e4nkungen und strengere Ma\u00dfnahmen wegen COVID 19.<\/p>\n","protected":false},"excerpt":{"rendered":"<p>Sie m\u00f6chten Ihr altes Auto bequem, unkompliziert und schnell zu aktuellen Preisen in Frankfurt verkaufen? Dann rufen Sie uns unter der Rufnummer: 0157 36046703 an und lassen Sie sich unverbindlich \u00fcberzeugen! Geben Sie uns die wichtigsten Autodaten und Zustand ihres Pkws durch. Dann haben wir schon ein<\/p>\n","protected":false},"author":1,"featured_media":0,"parent":0,"menu_order":0,"comment_status":"closed","ping_status":"closed","template":"","meta":{"om_disable_all_campaigns":false,"_monsterinsights_skip_tracking":false,"_monsterinsights_sitenote_active":false,"_monsterinsights_sitenote_note":"","_monsterinsights_sitenote_category":0,"spay_email":""},"_links":{"self":[{"href":"https:\/\/gebraucht-auto-ankauf.de\/index.php\/wp-json\/wp\/v2\/pages\/5597"}],"collection":[{"href":"https:\/\/gebraucht-auto-ankauf.de\/index.php\/wp-json\/wp\/v2\/pages"}],"about":[{"href":"https:\/\/gebraucht-auto-ankauf.de\/index.php\/wp-json\/wp\/v2\/types\/page"}],"author":[{"embeddable":true,"href":"https:\/\/gebraucht-auto-ankauf.de\/index.php\/wp-json\/wp\/v2\/users\/1"}],"replies":[{"embeddable":true,"href":"https:\/\/gebraucht-auto-ankauf.de\/index.php\/wp-json\/wp\/v2\/comments?post=5597"}],"version-history":[{"count":2,"href":"https:\/\/gebraucht-auto-ankauf.de\/index.php\/wp-json\/wp\/v2\/pages\/5597\/revisions"}],"predecessor-version":[{"id":5603,"href":"https:\/\/gebraucht-auto-ankauf.de\/index.php\/wp-json\/wp\/v2\/pages\/5597\/revisions\/5603"}],"wp:attachment":[{"href":"https:\/\/gebraucht-auto-ankauf.de\/index.php\/wp-json\/wp\/v2\/media?parent=5597"}],"curies":[{"name":"wp","href":"https:\/\/api.w.org\/{rel}","templated":true}]}}