{"id":5482,"date":"2021-09-17T20:02:43","date_gmt":"2021-09-17T20:02:43","guid":{"rendered":"http:\/\/gebraucht-auto-ankauf.de\/?page_id=5482"},"modified":"2021-09-28T19:10:13","modified_gmt":"2021-09-28T19:10:13","slug":"autoankauf-service","status":"publish","type":"page","link":"http:\/\/gebraucht-auto-ankauf.de\/index.php\/autoankauf-service\/","title":{"rendered":"Autoankauf service"},"content":{"rendered":"[vc_row][vc_column css_animation=&#8221;fadeIn&#8221;][vc_column_text]\n<h2 style=\"text-align: center;\">Qualit\u00e4ts- Service<\/h2>\n<p style=\"text-align: center;\">gebraucht-auto-ankauf.de ist ein Fachh\u00e4ndler f\u00fcr die \u00dcbernahme von Gebrauchtwagen aller Automarken. Wir sind eine deutsche Gesellschaft mit Sitz in Essen in Nordrhein- Westfalen und bieten eine schnelle und unverbindliche Dienstleistung zum Ankauf von Kraftfahrzeugen.<\/p>\n[\/vc_column_text][\/vc_column][\/vc_row][vc_row][vc_column width=&#8221;1\/2&#8243;][vc_hoverbox image=&#8221;5485&#8243; primary_title=&#8221;M\u00f6chten Sie ein Auto verkaufen?&#8221; hover_title=&#8221;&#8221; css_animation=&#8221;fadeInRight&#8221;][\/vc_hoverbox][\/vc_column][vc_column width=&#8221;1\/2&#8243;][vc_column_text css_animation=&#8221;fadeIn&#8221;]\n<h3>M\u00f6chten\u00a0Sie ein Auto verkaufen?<\/h3>\n<p>In wenigen Minuten erhalten Sie eine kostenlose Sch\u00e4tzung des Preises Ihres Wagens \u2013 unabh\u00e4ngig vom Zustand Ihres Fahrzeugs. Sobald der Wert Ihres Autos bestimmt worden ist, nehmen Sie lediglich mit unserer Dienststelle Kontakt auf.<br \/>\nDiese Dienstleistung garantiert Ihnen einen Treffpunkt Ihrer Wahl, zum vereinbarten Zeitpunkt und ohne Wartezeit eine pers\u00f6nliche Kontaktaufnahme durch einen unserer Fachm\u00e4nner.<\/p>\n<p>&nbsp;<\/p>\n<h4>Verkaufen Sie Ihr Auto: Wenden Sie sich an einen Fachmann:<\/h4>\n<ul class=\"list_style_none\">\n<li><i class=\"fa fa-check\" aria-hidden=\"true\"><\/i>Sch\u00e4tzung und kostenloses, endg\u00fcltiges und unverbindliches Angebot<\/li>\n<li><i class=\"fa fa-check\" aria-hidden=\"true\"><\/i>Verkauf bei einer einmaligen Verabredung und ohne beh\u00f6rdliche Formalit\u00e4ten<\/li>\n<li><i class=\"fa fa-check\" aria-hidden=\"true\"><\/i>Wir begutachten Ihr Auto und machen eine genaue Sch\u00e4tzung, die viele Faktoren in Betracht zieht<\/li>\n<\/ul>\n[\/vc_column_text][\/vc_column][\/vc_row][vc_row][vc_column width=&#8221;1\/2&#8243;][vc_hoverbox image=&#8221;5484&#8243; primary_title=&#8221;Wir begutachten Ihr Fahrzeug und sch\u00e4tzen genau seinen Preis&#8221; hover_title=&#8221;&#8221; css_animation=&#8221;fadeInRight&#8221;][\/vc_hoverbox][\/vc_column][vc_column width=&#8221;1\/2&#8243;][vc_column_text css_animation=&#8221;fadeIn&#8221;]\n<h3>Wir begutachten\u00a0Ihr Fahrzeug und sch\u00e4tzen genau seinen Preis<\/h3>\n<p>Sie haben es eilig, Ihr Fahrzeug zu verkaufen? Wir k\u00f6nnen Ihnen einen Blitzankauf anbieten:<br \/>\nSie kehren zur\u00fcck mit einem Check in H\u00f6he des angeboten Verkaufspreises ihres Fahrzeugs.<br \/>\nNach einer genauen Sch\u00e4tzung des Fahrzeugs, kassieren Sie unmittelbar danach den angeboten Preis.<\/p>\n<h4>Mit gebraucht-auto-ankauf.de verkaufen Sie schnell Ihr Auto.<\/h4>\n<ul class=\"list_style_none\">\n<li><i class=\"fa fa-check\" aria-hidden=\"true\"><\/i>Die Zahlungsf\u00e4higkeit des K\u00e4ufers ist gew\u00e4hrleistet.<\/li>\n<li><\/li>\n<li><i class=\"fa fa-check\" aria-hidden=\"true\"><\/i>Sie vermeiden den Kontaktzwang zu den K\u00e4ufern<\/li>\n<li><\/li>\n<li><i class=\"fa fa-check\" aria-hidden=\"true\"><\/i>Sie werden von den beh\u00f6rdlichen G\u00e4ngen befreit<\/li>\n<\/ul>\n[\/vc_column_text][\/vc_column][\/vc_row][vc_row][vc_column][vc_column_text]\n<div class=\"section-header text-center\">\n<h2>Warum sollten Sie sich f\u00fcr uns entscheiden?<\/h2>\n<p>Ein Anruf gen\u00fcgt; Sie vereinbaren einen Termin mit gebraucht-auto-ankauf.de<br \/>\nGegebenfalls k\u00f6nnen wir bis zum Ort, wo Ihr Auto steht, anreisen.<br \/>\nWir begutachten Ihr Fahrzeug und bieten Ihnen eine genaue Sch\u00e4tzung unter Ber\u00fccksichtigung vieler Faktoren: Modell, Austattung, Kilometerstand, Karosserie, allgemeiner Zustand, \u2026.. und auch unter Ber\u00fccksichtigung der Erwartungen des Marktes.<\/p>\n<\/div>\n<div class=\"row\">\n<div class=\"col-md-6 col-sm-6\">\n<div class=\"listing_box\">\n<h5><i class=\"fa fa-comments\" aria-hidden=\"true\"><\/i>\u00a0Tausende vertrauen uns bereits<\/h5>\n<p>Alle unsere Dienstleistungen sind kostenlos und unverbindlich. Sie haben die M\u00f6glichkeit,<br \/>\nIhr Fahrzeug binnen 24 Stunden zum besten Preis zu verkaufen. Unsere Mitarbeiter beantworten Ihnen gern Ihre Fragen.<\/p>\n<\/div>\n<div class=\"listing_box\">\n<h5><i class=\"fa fa-globe\" aria-hidden=\"true\"><\/i>\u00a0Gro\u00dfe Auswahl an Fahrzeugen<\/h5>\n<p>Wir bieten Ihnen einfache, schnelle und sichere L\u00f6sungen, um von Ihnen, alle Automarken und Kategiorien anzukaufen.<\/p>\n<\/div>\n<div class=\"listing_box\">\n<h5><i class=\"fa fa-car\" aria-hidden=\"true\"><\/i>\u00a0Befreien Sie sich von allen Prozeduren<\/h5>\n<p>Wir k\u00fcmmern uns um den Verwaltungskram und um alle Vorkehrungen, die mit dem Verkauf zusammenh\u00e4ngen. Diese Vorkehrungen k\u00f6nnen Ihnen Stress und Sorge verursachen.<br \/>\nWir bieten Ihnen einfache, schnelle und sichere L\u00f6sungen.<\/p>\n<\/div>\n<\/div>\n<\/div>\n[\/vc_column_text][\/vc_column][\/vc_row]\n","protected":false},"excerpt":{"rendered":"<p>[vc_row][vc_column css_animation=&#8221;fadeIn&#8221;][vc_column_text] Qualit\u00e4ts- Service gebraucht-auto-ankauf.de ist ein Fachh\u00e4ndler f\u00fcr die \u00dcbernahme von Gebrauchtwagen aller Automarken. Wir sind eine deutsche Gesellschaft mit Sitz in Essen in Nordrhein- Westfalen und bieten eine schnelle und unverbindliche Dienstleistung zum Ankauf von Kraftfahrzeugen. [\/vc_column_text][\/vc_column][\/vc_row][vc_row][vc_column width=&#8221;1\/2&#8243;][vc_hoverbox image=&#8221;5485&#8243; primary_title=&#8221;M\u00f6chten Sie ein Auto verkaufen?&#8221; hover_title=&#8221;&#8221;<\/p>\n","protected":false},"author":1,"featured_media":0,"parent":0,"menu_order":0,"comment_status":"closed","ping_status":"closed","template":"page-FullWidth.php","meta":{"om_disable_all_campaigns":false,"_monsterinsights_skip_tracking":false,"_monsterinsights_sitenote_active":false,"_monsterinsights_sitenote_note":"","_monsterinsights_sitenote_category":0,"spay_email":""},"_links":{"self":[{"href":"http:\/\/gebraucht-auto-ankauf.de\/index.php\/wp-json\/wp\/v2\/pages\/5482"}],"collection":[{"href":"http:\/\/gebraucht-auto-ankauf.de\/index.php\/wp-json\/wp\/v2\/pages"}],"about":[{"href":"http:\/\/gebraucht-auto-ankauf.de\/index.php\/wp-json\/wp\/v2\/types\/page"}],"author":[{"embeddable":true,"href":"http:\/\/gebraucht-auto-ankauf.de\/index.php\/wp-json\/wp\/v2\/users\/1"}],"replies":[{"embeddable":true,"href":"http:\/\/gebraucht-auto-ankauf.de\/index.php\/wp-json\/wp\/v2\/comments?post=5482"}],"version-history":[{"count":8,"href":"http:\/\/gebraucht-auto-ankauf.de\/index.php\/wp-json\/wp\/v2\/pages\/5482\/revisions"}],"predecessor-version":[{"id":5566,"href":"http:\/\/gebraucht-auto-ankauf.de\/index.php\/wp-json\/wp\/v2\/pages\/5482\/revisions\/5566"}],"wp:attachment":[{"href":"http:\/\/gebraucht-auto-ankauf.de\/index.php\/wp-json\/wp\/v2\/media?parent=5482"}],"curies":[{"name":"wp","href":"https:\/\/api.w.org\/{rel}","templated":true}]}}